{"id":434,"date":"2024-11-05T11:08:26","date_gmt":"2024-11-05T11:08:26","guid":{"rendered":"https:\/\/liikluskindlustuse-kalkulaator-ee.vserver.zonevs.eu\/?page_id=434"},"modified":"2026-01-28T10:29:56","modified_gmt":"2026-01-28T10:29:56","slug":"liikluskindlustuse-blogi","status":"publish","type":"page","link":"https:\/\/www.kindlustusest.ee\/blog\/","title":{"rendered":"Kindlustusest blogi"},"content":{"rendered":"<p>Sellel lehel jagame uudiseid ning selgeid juhiseid k\u00f5igi kindlustusega seotud teemade kohta. Kuidas s\u00f5lmida k\u00f5ige kasulikum kindlustusleping, mida kahjuh\u00fcvitusest teada ja kuidas talitada, kui on juhtunud \u00f5nnetus? Siinsed artiklid r\u00e4\u00e4givad k\u00f5igest sellest ja paljust muust. Meiega saad p\u00f5hjaliku \u00fclevaate sellest, kuidas end elu igas valdkonnas kindlustusega kaitsta ja teha igal sammul arukaid otsuseid.<br \/>\n<div class=\"vc_column tdi_2  wpb_column vc_column_container tdc-column td-pb-span12\">\n<style scoped>\n\/* custom css - generated by TagDiv Composer *\/\n\n\/* custom css - generated by TagDiv Composer *\/\n\/* custom css - generated by TagDiv Composer *\/\n.tdi_2{\r\n                    vertical-align: baseline;\r\n                }.tdi_2 > .wpb_wrapper,\r\n\t\t\t\t.tdi_2 > .wpb_wrapper > .tdc-elements{\r\n\t\t\t\t    display: block;\r\n\t\t\t\t}.tdi_2 > .wpb_wrapper > .tdc-elements{\r\n\t\t\t\t    width: 100%;\r\n\t\t\t\t}.tdi_2 > .wpb_wrapper > .vc_row_inner{\r\n\t\t\t\t    width: auto;\r\n\t\t\t\t}.tdi_2 > .wpb_wrapper{\r\n\t\t\t\t    width: auto;\r\n\t\t\t\t    height: auto;\r\n\t\t\t\t}\n<\/style><div class=\"wpb_wrapper\" ><\/div><\/div><\/p>\n","protected":false},"excerpt":{"rendered":"<p>Sellel lehel jagame uudiseid ning selgeid juhiseid k\u00f5igi kindlustusega seotud teemade kohta. Kuidas s\u00f5lmida k\u00f5ige kasulikum kindlustusleping, mida kahjuh\u00fcvitusest teada ja kuidas talitada, kui on juhtunud \u00f5nnetus? Siinsed artiklid r\u00e4\u00e4givad k\u00f5igest sellest ja paljust muust. Meiega saad p\u00f5hjaliku \u00fclevaate sellest, kuidas end elu igas valdkonnas kindlustusega kaitsta ja teha igal sammul arukaid otsuseid.<\/p>\n","protected":false},"author":1,"featured_media":2915,"parent":0,"menu_order":0,"comment_status":"closed","ping_status":"closed","template":"page-listview.php","meta":{"inline_featured_image":false,"footnotes":""},"class_list":["post-434","page","type-page","status-publish","has-post-thumbnail"],"acf":[],"yoast_head":"<!-- This site is optimized with the Yoast SEO plugin v26.4 - https:\/\/yoast.com\/wordpress\/plugins\/seo\/ -->\n<title>Kindlustusesti liikluskindlustuse blogi<\/title>\n<meta name=\"description\" content=\"Siit leiad uudiseid ja teavet liikluskindlustuse kohta. Meie blogiartiklid annavad liikluskindlustusest p\u00f5hjaliku \u00fclevaate.\" \/>\n<meta name=\"robots\" content=\"index, follow, max-snippet:-1, max-image-preview:large, max-video-preview:-1\" \/>\n<link rel=\"canonical\" href=\"https:\/\/www.kindlustusest.ee\/blog\/\" \/>\n<meta property=\"og:locale\" content=\"en_US\" \/>\n<meta property=\"og:type\" content=\"article\" \/>\n<meta property=\"og:title\" content=\"Kindlustusesti liikluskindlustuse blogi\" \/>\n<meta property=\"og:description\" content=\"Siit leiad uudiseid ja teavet liikluskindlustuse kohta. Meie blogiartiklid annavad liikluskindlustusest p\u00f5hjaliku \u00fclevaate.\" \/>\n<meta property=\"og:url\" content=\"https:\/\/www.kindlustusest.ee\/blog\/\" \/>\n<meta property=\"og:site_name\" content=\"Kindlustusest blogi\" \/>\n<meta property=\"article:modified_time\" content=\"2026-01-28T10:29:56+00:00\" \/>\n<meta property=\"og:image\" content=\"https:\/\/www.kindlustusest.ee\/blog\/wp-content\/uploads\/2026\/01\/Kindlustusest_blogi_header_2560_kitsas.jpg\" \/>\n\t<meta property=\"og:image:width\" content=\"2560\" \/>\n\t<meta property=\"og:image:height\" content=\"345\" \/>\n\t<meta property=\"og:image:type\" content=\"image\/jpeg\" \/>\n<meta name=\"twitter:card\" content=\"summary_large_image\" \/>\n<meta name=\"twitter:label1\" content=\"Est. reading time\" \/>\n\t<meta name=\"twitter:data1\" content=\"1 minute\" \/>\n<script type=\"application\/ld+json\" class=\"yoast-schema-graph\">{\"@context\":\"https:\/\/schema.org\",\"@graph\":[{\"@type\":\"WebPage\",\"@id\":\"https:\/\/www.kindlustusest.ee\/blog\/\",\"url\":\"https:\/\/www.kindlustusest.ee\/blog\/\",\"name\":\"Kindlustusesti liikluskindlustuse blogi\",\"isPartOf\":{\"@id\":\"https:\/\/www.kindlustusest.ee\/blog\/#website\"},\"primaryImageOfPage\":{\"@id\":\"https:\/\/www.kindlustusest.ee\/blog\/#primaryimage\"},\"image\":{\"@id\":\"https:\/\/www.kindlustusest.ee\/blog\/#primaryimage\"},\"thumbnailUrl\":\"https:\/\/www.kindlustusest.ee\/blog\/wp-content\/uploads\/2026\/01\/Kindlustusest_blogi_header_2560_kitsas.jpg\",\"datePublished\":\"2024-11-05T11:08:26+00:00\",\"dateModified\":\"2026-01-28T10:29:56+00:00\",\"description\":\"Siit leiad uudiseid ja teavet liikluskindlustuse kohta. Meie blogiartiklid annavad liikluskindlustusest p\u00f5hjaliku \u00fclevaate.\",\"breadcrumb\":{\"@id\":\"https:\/\/www.kindlustusest.ee\/blog\/#breadcrumb\"},\"inLanguage\":\"en-US\",\"potentialAction\":[{\"@type\":\"ReadAction\",\"target\":[\"https:\/\/www.kindlustusest.ee\/blog\/\"]}]},{\"@type\":\"ImageObject\",\"inLanguage\":\"en-US\",\"@id\":\"https:\/\/www.kindlustusest.ee\/blog\/#primaryimage\",\"url\":\"https:\/\/www.kindlustusest.ee\/blog\/wp-content\/uploads\/2026\/01\/Kindlustusest_blogi_header_2560_kitsas.jpg\",\"contentUrl\":\"https:\/\/www.kindlustusest.ee\/blog\/wp-content\/uploads\/2026\/01\/Kindlustusest_blogi_header_2560_kitsas.jpg\",\"width\":2560,\"height\":345},{\"@type\":\"BreadcrumbList\",\"@id\":\"https:\/\/www.kindlustusest.ee\/blog\/#breadcrumb\",\"itemListElement\":[{\"@type\":\"ListItem\",\"position\":1,\"name\":\"Home\",\"item\":\"https:\/\/www.kindlustusest.ee\/blog\/\"},{\"@type\":\"ListItem\",\"position\":2,\"name\":\"Kindlustusest blogi\"}]},{\"@type\":\"WebSite\",\"@id\":\"https:\/\/www.kindlustusest.ee\/blog\/#website\",\"url\":\"https:\/\/www.kindlustusest.ee\/blog\/\",\"name\":\"Kindlustusest blogi\",\"description\":\"\",\"potentialAction\":[{\"@type\":\"SearchAction\",\"target\":{\"@type\":\"EntryPoint\",\"urlTemplate\":\"https:\/\/www.kindlustusest.ee\/blog\/?s={search_term_string}\"},\"query-input\":{\"@type\":\"PropertyValueSpecification\",\"valueRequired\":true,\"valueName\":\"search_term_string\"}}],\"inLanguage\":\"en-US\"}]}<\/script>\n<!-- \/ Yoast SEO plugin. -->","yoast_head_json":{"title":"Kindlustusesti liikluskindlustuse blogi","description":"Siit leiad uudiseid ja teavet liikluskindlustuse kohta. Meie blogiartiklid annavad liikluskindlustusest p\u00f5hjaliku \u00fclevaate.","robots":{"index":"index","follow":"follow","max-snippet":"max-snippet:-1","max-image-preview":"max-image-preview:large","max-video-preview":"max-video-preview:-1"},"canonical":"https:\/\/www.kindlustusest.ee\/blog\/","og_locale":"en_US","og_type":"article","og_title":"Kindlustusesti liikluskindlustuse blogi","og_description":"Siit leiad uudiseid ja teavet liikluskindlustuse kohta. Meie blogiartiklid annavad liikluskindlustusest p\u00f5hjaliku \u00fclevaate.","og_url":"https:\/\/www.kindlustusest.ee\/blog\/","og_site_name":"Kindlustusest blogi","article_modified_time":"2026-01-28T10:29:56+00:00","og_image":[{"width":2560,"height":345,"url":"https:\/\/www.kindlustusest.ee\/blog\/wp-content\/uploads\/2026\/01\/Kindlustusest_blogi_header_2560_kitsas.jpg","type":"image\/jpeg"}],"twitter_card":"summary_large_image","twitter_misc":{"Est. reading time":"1 minute"},"schema":{"@context":"https:\/\/schema.org","@graph":[{"@type":"WebPage","@id":"https:\/\/www.kindlustusest.ee\/blog\/","url":"https:\/\/www.kindlustusest.ee\/blog\/","name":"Kindlustusesti liikluskindlustuse blogi","isPartOf":{"@id":"https:\/\/www.kindlustusest.ee\/blog\/#website"},"primaryImageOfPage":{"@id":"https:\/\/www.kindlustusest.ee\/blog\/#primaryimage"},"image":{"@id":"https:\/\/www.kindlustusest.ee\/blog\/#primaryimage"},"thumbnailUrl":"https:\/\/www.kindlustusest.ee\/blog\/wp-content\/uploads\/2026\/01\/Kindlustusest_blogi_header_2560_kitsas.jpg","datePublished":"2024-11-05T11:08:26+00:00","dateModified":"2026-01-28T10:29:56+00:00","description":"Siit leiad uudiseid ja teavet liikluskindlustuse kohta. Meie blogiartiklid annavad liikluskindlustusest p\u00f5hjaliku \u00fclevaate.","breadcrumb":{"@id":"https:\/\/www.kindlustusest.ee\/blog\/#breadcrumb"},"inLanguage":"en-US","potentialAction":[{"@type":"ReadAction","target":["https:\/\/www.kindlustusest.ee\/blog\/"]}]},{"@type":"ImageObject","inLanguage":"en-US","@id":"https:\/\/www.kindlustusest.ee\/blog\/#primaryimage","url":"https:\/\/www.kindlustusest.ee\/blog\/wp-content\/uploads\/2026\/01\/Kindlustusest_blogi_header_2560_kitsas.jpg","contentUrl":"https:\/\/www.kindlustusest.ee\/blog\/wp-content\/uploads\/2026\/01\/Kindlustusest_blogi_header_2560_kitsas.jpg","width":2560,"height":345},{"@type":"BreadcrumbList","@id":"https:\/\/www.kindlustusest.ee\/blog\/#breadcrumb","itemListElement":[{"@type":"ListItem","position":1,"name":"Home","item":"https:\/\/www.kindlustusest.ee\/blog\/"},{"@type":"ListItem","position":2,"name":"Kindlustusest blogi"}]},{"@type":"WebSite","@id":"https:\/\/www.kindlustusest.ee\/blog\/#website","url":"https:\/\/www.kindlustusest.ee\/blog\/","name":"Kindlustusest blogi","description":"","potentialAction":[{"@type":"SearchAction","target":{"@type":"EntryPoint","urlTemplate":"https:\/\/www.kindlustusest.ee\/blog\/?s={search_term_string}"},"query-input":{"@type":"PropertyValueSpecification","valueRequired":true,"valueName":"search_term_string"}}],"inLanguage":"en-US"}]}},"_links":{"self":[{"href":"https:\/\/www.kindlustusest.ee\/blog\/wp-json\/wp\/v2\/pages\/434","targetHints":{"allow":["GET"]}}],"collection":[{"href":"https:\/\/www.kindlustusest.ee\/blog\/wp-json\/wp\/v2\/pages"}],"about":[{"href":"https:\/\/www.kindlustusest.ee\/blog\/wp-json\/wp\/v2\/types\/page"}],"author":[{"embeddable":true,"href":"https:\/\/www.kindlustusest.ee\/blog\/wp-json\/wp\/v2\/users\/1"}],"replies":[{"embeddable":true,"href":"https:\/\/www.kindlustusest.ee\/blog\/wp-json\/wp\/v2\/comments?post=434"}],"version-history":[{"count":5,"href":"https:\/\/www.kindlustusest.ee\/blog\/wp-json\/wp\/v2\/pages\/434\/revisions"}],"predecessor-version":[{"id":2875,"href":"https:\/\/www.kindlustusest.ee\/blog\/wp-json\/wp\/v2\/pages\/434\/revisions\/2875"}],"wp:featuredmedia":[{"embeddable":true,"href":"https:\/\/www.kindlustusest.ee\/blog\/wp-json\/wp\/v2\/media\/2915"}],"wp:attachment":[{"href":"https:\/\/www.kindlustusest.ee\/blog\/wp-json\/wp\/v2\/media?parent=434"}],"curies":[{"name":"wp","href":"https:\/\/api.w.org\/{rel}","templated":true}]}}